{"id":3,"date":"2023-01-27T07:03:58","date_gmt":"2023-01-27T06:03:58","guid":{"rendered":"http:\/\/annakolodziejczak.pl\/?page_id=3"},"modified":"2023-02-04T08:11:55","modified_gmt":"2023-02-04T07:11:55","slug":"polityka-prywatnosci","status":"publish","type":"page","link":"http:\/\/annakolodziejczak.pl\/index.php\/polityka-prywatnosci\/","title":{"rendered":"Polityka prywatno\u015bci"},"content":{"rendered":"\n<p>Firma Fitomed Sp. z o.o. (Fitomed) zastrzega sobie prawo do wprowadzania zmian w Polityce Prywatno\u015bci. Ka\u017cdego klienta Fitomed i u\u017cytkownika stron internetowych oraz biuletyn\u00f3w nale\u017c\u0105cych do Fitomed obowi\u0105zuje aktualna Polityka Prywatno\u015bci znajduj\u0105ca si\u0119 na tej stronie.<\/p>\n\n\n\n<p>Jakiekolwiek wprowadzane zmiany nie wp\u0142ywaj\u0105 na podstawow\u0105 zasad\u0119: Fitomed nie sprzedaje i nie udost\u0119pnia osobom trzecim danych osobowych klient\u00f3w\/u\u017cytkownik\u00f3w swoich stron i biuletyn\u00f3w.<\/p>\n\n\n\n<p>Je\u015bli nie zgadzasz si\u0119 z Polityk\u0105 Prywatno\u015bci, prosz\u0119 nie odwiedzaj stron, nie prenumeruj biuletyn\u00f3w nale\u017c\u0105cych do Fitomed.<\/p>\n\n\n\n<p><strong>Dane Osobowe<\/strong><\/p>\n\n\n\n<p>W czasie korzystania ze stron nale\u017c\u0105cych do Fitomed mo\u017cesz zosta\u0107 poproszona\/y o podanie niekt\u00f3rych swoich danych osobowych poprzez wype\u0142nienie formularza lub w inny spos\u00f3b.<\/p>\n\n\n\n<p>Wymagamy tylko tych danych, kt\u00f3re s\u0105 niezb\u0119dne do dzia\u0142ania serwisu. Niepodanie wymaganych danych zablokuje czynno\u015b\u0107, kt\u00f3rej te dane dotyczy\u0142y.<\/p>\n\n\n\n<p><strong>Subskrypcja biuletyn\u00f3w<\/strong><\/p>\n\n\n\n<p>Zaprenumerowanie bezp\u0142atnych biuletyn\u00f3w nale\u017c\u0105cych do Fitomed wymaga podania w odpowiednim formularzu swojego adresu e-mail i imienia. Pola te s\u0105 obowi\u0105zkowe.<\/p>\n\n\n\n<p>Uzyskane w ten spos\u00f3b dane s\u0105 dodawane do listy mailingowej. Adres e-mail jest niezb\u0119dny do tego, aby mo\u017cna by\u0142o wys\u0142a\u0107 danemu czytelnikowi numer czasopisma. Imi\u0119 pozwala Fitomed zwraca\u0107 si\u0119 do czytelnik\u00f3w po imieniu.<\/p>\n\n\n\n<p><strong>Zamawianie us\u0142ug i produkt\u00f3w<\/strong><\/p>\n\n\n\n<p>Zamawianie us\u0142ug i produkt\u00f3w oferowanych przez Fitomed wymaga podania w odpowiednim formularzu poprawnych danych adresowych. Pola obowi\u0105zkowe s\u0105 oznaczone.<\/p>\n\n\n\n<p><strong>Niezapowiedziane Wiadomo\u015bci<\/strong><\/p>\n\n\n\n<p>Fitomed zastrzega sobie prawo do wysy\u0142ania niezapowiedzianych wiadomo\u015bci osobom, kt\u00f3rych dane kontaktowe posiada i kt\u00f3re zgodzi\u0142y si\u0119 z Polityk\u0105 Prywatno\u015bci.<\/p>\n\n\n\n<p>Pod poj\u0119ciem niezapowiedzianych wiadomo\u015bci Fitomed rozumie informacje odnosz\u0105ce si\u0119 bezpo\u015brednio do jego serwis\u00f3w, biuletyn\u00f3w, us\u0142ug i produkt\u00f3w (np. nowe produkty, promocje), niekomercyjne listy (np. \u017cyczenia, porady itp.) oraz informacje komercyjne, kt\u00f3rych rozsy\u0142ka zosta\u0142a zlecona przez partner\u00f3w Fitomed.<\/p>\n\n\n\n<p>Podmioty zlecaj\u0105ce komercyjne mailingi nie maj\u0105 wgl\u0105du w dane kontaktowe os\u00f3b znajduj\u0105cych si\u0119 na listach adresowych Fitomed.<\/p>\n\n\n\n<p><strong>Jawne Dane Osobowe<\/strong><\/p>\n\n\n\n<p>Dane osobowe podane na stronach nale\u017c\u0105cych do Fitomed przy okazji wysy\u0142ania komentarzy do artyku\u0142\u00f3w, odpowiedzi na forum itp. s\u0105 dost\u0119pne dla wszystkich odwiedzaj\u0105cych strony zawieraj\u0105ce te dane. Fitomed nie ma mo\u017cliwo\u015bci zabezpieczenia Ci\u0119 przed osobami prywatnymi lub firmami, kt\u00f3re te dane wykorzystaj\u0105 do przes\u0142ania Tobie nieokre\u015blonych informacji. Dlatego dane te nie podlegaj\u0105 Polityce Prywatno\u015bci.<\/p>\n\n\n\n<p><strong>Wy\u0142\u0105czenie Odpowiedzialno\u015bci<\/strong><\/p>\n\n\n\n<p>Fitomed nie bierze na siebie odpowiedzialno\u015bci za zamieszczone na nale\u017c\u0105cych do niego stronach i biuletynach: reklamy i opinie os\u00f3b trzecich.<\/p>\n\n\n\n<p>Opinie wyra\u017cone przez spo\u0142eczno\u015b\u0107 na forum, w komentarzach lub w inny spos\u00f3b nie zawsze s\u0105 zgodne z opini\u0105 Fitomed.<\/p>\n","protected":false},"excerpt":{"rendered":"<p>Firma Fitomed Sp. z o.o. (Fitomed) zastrzega sobie prawo do wprowadzania zmian w Polityce Prywatno\u015bci. Ka\u017cdego klienta Fitomed i u\u017cytkownika stron internetowych oraz biuletyn\u00f3w nale\u017c\u0105cych do Fitomed obowi\u0105zuje aktualna Polityka Prywatno\u015bci znajduj\u0105ca si\u0119 na tej stronie. Jakiekolwiek wprowadzane zmiany nie wp\u0142ywaj\u0105 na podstawow\u0105 zasad\u0119: Fitomed nie sprzedaje i nie udost\u0119pnia osobom trzecim danych osobowych klient\u00f3w\/u\u017cytkownik\u00f3w&hellip; <br \/> <a class=\"read-more\" href=\"http:\/\/annakolodziejczak.pl\/index.php\/polityka-prywatnosci\/\">Czytaj dalej<\/a><\/p>\n","protected":false},"author":1,"featured_media":0,"parent":0,"menu_order":0,"comment_status":"closed","ping_status":"open","template":"","meta":{"footnotes":""},"class_list":["post-3","page","type-page","status-publish","hentry"],"yoast_head":"<!-- This site is optimized with the Yoast SEO plugin v20.5 - https:\/\/yoast.com\/wordpress\/plugins\/seo\/ -->\n<title>Polityka prywatno\u015bci - Anna Ko\u0142odziejczak<\/title>\n<meta name=\"robots\" content=\"index, follow, max-snippet:-1, max-image-preview:large, max-video-preview:-1\" \/>\n<link rel=\"canonical\" href=\"http:\/\/annakolodziejczak.pl\/index.php\/polityka-prywatnosci\/\" \/>\n<meta property=\"og:locale\" content=\"pl_PL\" \/>\n<meta property=\"og:type\" content=\"article\" \/>\n<meta property=\"og:title\" content=\"Polityka prywatno\u015bci - Anna Ko\u0142odziejczak\" \/>\n<meta property=\"og:description\" content=\"Firma Fitomed Sp. z o.o. (Fitomed) zastrzega sobie prawo do wprowadzania zmian w Polityce Prywatno\u015bci. Ka\u017cdego klienta Fitomed i u\u017cytkownika stron internetowych oraz biuletyn\u00f3w nale\u017c\u0105cych do Fitomed obowi\u0105zuje aktualna Polityka Prywatno\u015bci znajduj\u0105ca si\u0119 na tej stronie. Jakiekolwiek wprowadzane zmiany nie wp\u0142ywaj\u0105 na podstawow\u0105 zasad\u0119: Fitomed nie sprzedaje i nie udost\u0119pnia osobom trzecim danych osobowych klient\u00f3w\/u\u017cytkownik\u00f3w&hellip; Czytaj dalej\" \/>\n<meta property=\"og:url\" content=\"http:\/\/annakolodziejczak.pl\/index.php\/polityka-prywatnosci\/\" \/>\n<meta property=\"og:site_name\" content=\"Anna Ko\u0142odziejczak\" \/>\n<meta property=\"article:modified_time\" content=\"2023-02-04T07:11:55+00:00\" \/>\n<meta name=\"twitter:card\" content=\"summary_large_image\" \/>\n<meta name=\"twitter:label1\" content=\"Szacowany czas czytania\" \/>\n\t<meta name=\"twitter:data1\" content=\"2 minuty\" \/>\n<script type=\"application\/ld+json\" class=\"yoast-schema-graph\">{\"@context\":\"https:\/\/schema.org\",\"@graph\":[{\"@type\":\"WebPage\",\"@id\":\"http:\/\/annakolodziejczak.pl\/index.php\/polityka-prywatnosci\/\",\"url\":\"http:\/\/annakolodziejczak.pl\/index.php\/polityka-prywatnosci\/\",\"name\":\"Polityka prywatno\u015bci - Anna Ko\u0142odziejczak\",\"isPartOf\":{\"@id\":\"https:\/\/annakolodziejczak.pl\/#website\"},\"datePublished\":\"2023-01-27T06:03:58+00:00\",\"dateModified\":\"2023-02-04T07:11:55+00:00\",\"breadcrumb\":{\"@id\":\"http:\/\/annakolodziejczak.pl\/index.php\/polityka-prywatnosci\/#breadcrumb\"},\"inLanguage\":\"pl-PL\",\"potentialAction\":[{\"@type\":\"ReadAction\",\"target\":[\"http:\/\/annakolodziejczak.pl\/index.php\/polityka-prywatnosci\/\"]}]},{\"@type\":\"BreadcrumbList\",\"@id\":\"http:\/\/annakolodziejczak.pl\/index.php\/polityka-prywatnosci\/#breadcrumb\",\"itemListElement\":[{\"@type\":\"ListItem\",\"position\":1,\"name\":\"Strona g\u0142\u00f3wna\",\"item\":\"https:\/\/annakolodziejczak.pl\/\"},{\"@type\":\"ListItem\",\"position\":2,\"name\":\"Polityka prywatno\u015bci\"}]},{\"@type\":\"WebSite\",\"@id\":\"https:\/\/annakolodziejczak.pl\/#website\",\"url\":\"https:\/\/annakolodziejczak.pl\/\",\"name\":\"Anna Ko\u0142odziejczak\",\"description\":\"Ekspert w kuracji kosmetyk\u0105 naturaln\u0105\",\"potentialAction\":[{\"@type\":\"SearchAction\",\"target\":{\"@type\":\"EntryPoint\",\"urlTemplate\":\"https:\/\/annakolodziejczak.pl\/?s={search_term_string}\"},\"query-input\":\"required name=search_term_string\"}],\"inLanguage\":\"pl-PL\"}]}<\/script>\n<!-- \/ Yoast SEO plugin. -->","yoast_head_json":{"title":"Polityka prywatno\u015bci - Anna Ko\u0142odziejczak","robots":{"index":"index","follow":"follow","max-snippet":"max-snippet:-1","max-image-preview":"max-image-preview:large","max-video-preview":"max-video-preview:-1"},"canonical":"http:\/\/annakolodziejczak.pl\/index.php\/polityka-prywatnosci\/","og_locale":"pl_PL","og_type":"article","og_title":"Polityka prywatno\u015bci - Anna Ko\u0142odziejczak","og_description":"Firma Fitomed Sp. z o.o. (Fitomed) zastrzega sobie prawo do wprowadzania zmian w Polityce Prywatno\u015bci. Ka\u017cdego klienta Fitomed i u\u017cytkownika stron internetowych oraz biuletyn\u00f3w nale\u017c\u0105cych do Fitomed obowi\u0105zuje aktualna Polityka Prywatno\u015bci znajduj\u0105ca si\u0119 na tej stronie. Jakiekolwiek wprowadzane zmiany nie wp\u0142ywaj\u0105 na podstawow\u0105 zasad\u0119: Fitomed nie sprzedaje i nie udost\u0119pnia osobom trzecim danych osobowych klient\u00f3w\/u\u017cytkownik\u00f3w&hellip; Czytaj dalej","og_url":"http:\/\/annakolodziejczak.pl\/index.php\/polityka-prywatnosci\/","og_site_name":"Anna Ko\u0142odziejczak","article_modified_time":"2023-02-04T07:11:55+00:00","twitter_card":"summary_large_image","twitter_misc":{"Szacowany czas czytania":"2 minuty"},"schema":{"@context":"https:\/\/schema.org","@graph":[{"@type":"WebPage","@id":"http:\/\/annakolodziejczak.pl\/index.php\/polityka-prywatnosci\/","url":"http:\/\/annakolodziejczak.pl\/index.php\/polityka-prywatnosci\/","name":"Polityka prywatno\u015bci - Anna Ko\u0142odziejczak","isPartOf":{"@id":"https:\/\/annakolodziejczak.pl\/#website"},"datePublished":"2023-01-27T06:03:58+00:00","dateModified":"2023-02-04T07:11:55+00:00","breadcrumb":{"@id":"http:\/\/annakolodziejczak.pl\/index.php\/polityka-prywatnosci\/#breadcrumb"},"inLanguage":"pl-PL","potentialAction":[{"@type":"ReadAction","target":["http:\/\/annakolodziejczak.pl\/index.php\/polityka-prywatnosci\/"]}]},{"@type":"BreadcrumbList","@id":"http:\/\/annakolodziejczak.pl\/index.php\/polityka-prywatnosci\/#breadcrumb","itemListElement":[{"@type":"ListItem","position":1,"name":"Strona g\u0142\u00f3wna","item":"https:\/\/annakolodziejczak.pl\/"},{"@type":"ListItem","position":2,"name":"Polityka prywatno\u015bci"}]},{"@type":"WebSite","@id":"https:\/\/annakolodziejczak.pl\/#website","url":"https:\/\/annakolodziejczak.pl\/","name":"Anna Ko\u0142odziejczak","description":"Ekspert w kuracji kosmetyk\u0105 naturaln\u0105","potentialAction":[{"@type":"SearchAction","target":{"@type":"EntryPoint","urlTemplate":"https:\/\/annakolodziejczak.pl\/?s={search_term_string}"},"query-input":"required name=search_term_string"}],"inLanguage":"pl-PL"}]}},"_links":{"self":[{"href":"http:\/\/annakolodziejczak.pl\/index.php\/wp-json\/wp\/v2\/pages\/3","targetHints":{"allow":["GET"]}}],"collection":[{"href":"http:\/\/annakolodziejczak.pl\/index.php\/wp-json\/wp\/v2\/pages"}],"about":[{"href":"http:\/\/annakolodziejczak.pl\/index.php\/wp-json\/wp\/v2\/types\/page"}],"author":[{"embeddable":true,"href":"http:\/\/annakolodziejczak.pl\/index.php\/wp-json\/wp\/v2\/users\/1"}],"replies":[{"embeddable":true,"href":"http:\/\/annakolodziejczak.pl\/index.php\/wp-json\/wp\/v2\/comments?post=3"}],"version-history":[{"count":1,"href":"http:\/\/annakolodziejczak.pl\/index.php\/wp-json\/wp\/v2\/pages\/3\/revisions"}],"predecessor-version":[{"id":274,"href":"http:\/\/annakolodziejczak.pl\/index.php\/wp-json\/wp\/v2\/pages\/3\/revisions\/274"}],"wp:attachment":[{"href":"http:\/\/annakolodziejczak.pl\/index.php\/wp-json\/wp\/v2\/media?parent=3"}],"curies":[{"name":"wp","href":"https:\/\/api.w.org\/{rel}","templated":true}]}}